{"id":7155,"date":"2016-11-11T16:27:43","date_gmt":"2016-11-11T15:27:43","guid":{"rendered":"http:\/\/www.waldviertel-rallye.at\/cms\/?page_id=7155"},"modified":"2016-11-20T20:03:41","modified_gmt":"2016-11-20T19:03:41","slug":"presse-info-2016","status":"publish","type":"page","link":"http:\/\/www.waldviertel-rallye.at\/cms\/presse-info-2016\/","title":{"rendered":"Presse Info 2016"},"content":{"rendered":"<p><strong class=\"\"><a href=\"http:\/\/www.waldviertel-rallye.at\/cms\/wp-content\/uploads\/2016\/03\/Waldviertel-2016-schraeg.png\"><img loading=\"lazy\" decoding=\"async\" class=\"wp-image-6585 aligncenter\" src=\"http:\/\/www.waldviertel-rallye.at\/cms\/wp-content\/uploads\/2016\/03\/Waldviertel-2016-schraeg.png\" alt=\"Waldviertel-2016-schraeg\" width=\"238\" height=\"136\" srcset=\"http:\/\/www.waldviertel-rallye.at\/cms\/wp-content\/uploads\/2016\/03\/Waldviertel-2016-schraeg.png 413w, http:\/\/www.waldviertel-rallye.at\/cms\/wp-content\/uploads\/2016\/03\/Waldviertel-2016-schraeg-300x171.png 300w, http:\/\/www.waldviertel-rallye.at\/cms\/wp-content\/uploads\/2016\/03\/Waldviertel-2016-schraeg-250x143.png 250w\" sizes=\"(max-width: 238px) 100vw, 238px\" \/><\/a><\/strong><\/p>\n<figure id=\"attachment_6939\" aria-describedby=\"caption-attachment-6939\" style=\"width: 347px\" class=\"wp-caption alignleft\"><a href=\"http:\/\/www.waldviertel-rallye.at\/cms\/wp-content\/uploads\/2013\/03\/mrlik-may-web.jpg\"><img loading=\"lazy\" decoding=\"async\" class=\"wp-image-6939\" src=\"http:\/\/www.waldviertel-rallye.at\/cms\/wp-content\/uploads\/2013\/03\/mrlik-may-web-1024x682.jpg\" width=\"347\" height=\"231\" srcset=\"http:\/\/www.waldviertel-rallye.at\/cms\/wp-content\/uploads\/2013\/03\/mrlik-may-web-1024x682.jpg 1024w, http:\/\/www.waldviertel-rallye.at\/cms\/wp-content\/uploads\/2013\/03\/mrlik-may-web-300x200.jpg 300w, http:\/\/www.waldviertel-rallye.at\/cms\/wp-content\/uploads\/2013\/03\/mrlik-may-web-768x512.jpg 768w, http:\/\/www.waldviertel-rallye.at\/cms\/wp-content\/uploads\/2013\/03\/mrlik-may-web-250x167.jpg 250w, http:\/\/www.waldviertel-rallye.at\/cms\/wp-content\/uploads\/2013\/03\/mrlik-may-web.jpg 1772w\" sizes=\"(max-width: 347px) 100vw, 347px\" \/><\/a><figcaption id=\"caption-attachment-6939\" class=\"wp-caption-text\">Foto: Robert May<\/figcaption><\/figure>\n<p><strong class=\"\">Sensationsentscheidung in Paris<\/strong><\/p>\n<p><strong>Riesenerfolg f\u00fcr die Rallye Waldviertel 2016 \/ Dem Saisonfinale in St. P\u00f6lten und Grafenegg wurde das Finale zur FIA European Rally Trophy zugesprochen. 96 Top-Teams aus ganz Europa k\u00f6nnen sich daf\u00fcr qualifizieren<\/strong><\/p>\n<p>Unmittelbar bevor f\u00fcr die <strong>\u00f6sterreichische Rallye-Staatsmeisterschaft 2016<\/strong> am 18. M\u00e4rz im s\u00fcdsteirischen Leutschach die Startflagge geschwungen wird, ist diese seitens des Weltmotorsportverbandes in Paris um ein bemerkenswertes internationales Event deutlich aufgewertet worden. Der <strong>Rallye Waldviertel<\/strong>, die schon traditionsgem\u00e4\u00df auch heuer am 18.\/19. November den Saison-Abschluss bildet, wurde sensationeller Weise das <strong>Finale der FIA European Rally Trophy<\/strong> zugesprochen. \u201eDas ist ein unglaublich starkes Zeichen f\u00fcr die Wertsch\u00e4tzung unserer Veranstaltung\u201c, ist Rallye-Waldviertel-Organisator Helmut Sch\u00f6pf naturgem\u00e4\u00df begeistert \u00fcber diesen internationalen Volltreffer. Sch\u00f6pf, der schon im letzten Jahr mit einer ORF-Live-\u00dcbertragung aus St. P\u00f6lten f\u00fcr positives Aufsehen sorgte, ist es damit schon wieder gelungen, dem Saisonfinale einen nicht allt\u00e4glichen Aufputz zu verpassen.<\/p>\n<p>Die Bedeutung dieser Entscheidung in Paris l\u00e4sst sich am deutlichsten in Zahlen festmachen: Um die <strong>FIA Rally Trophy<\/strong> wird europaweit in insgesamt <strong>acht Zonen<\/strong> (siehe unten) gefahren, in welche \u00fcber 40 L\u00e4nder involviert sind. Nach momentan insgesamt 29 festgelegten Rallyes stehen die Zonen-Endergebnisse fest. F\u00fcr das <strong>Finale der FIA European Rally Trophy im Waldviertel<\/strong> sind schlie\u00dflich die <strong>jeweils drei punktebesten Teams aus den acht Zonen<\/strong> qualifiziert \u2013 und zwar <strong>die jeweils st\u00e4rksten drei Teams aus den Klassen ERT, ERT2 und ERT3 sowie ERT-Junioren<\/strong>. Das w\u00e4ren zusammengez\u00e4hlt also 96(!) der besten europ\u00e4ischen Teams, welche dann bei der <strong>Rallye Waldviertel<\/strong> ihre Klassen-Gesamtsieger der <strong>FIA European Rally Trophy 2016<\/strong> ermitteln d\u00fcrften. Ein Umstand, der <strong>Helmut Sch\u00f6pf<\/strong> nat\u00fcrlich strahlen l\u00e4sst. \u201eEs ist freilich nicht davon auszugehen, dass alle 96 Teams auch zu uns kommen werden. Sicher ist aber, dass mit dem ERT-Finale das hohe internationale Feld, das die <strong>Rallye Waldviertel<\/strong> immer schon ausgezeichnet hat, diesmal<\/p>\n<p>&nbsp;<\/p>\n<table style=\"height: 380px;\" width=\"481\" border=\"0\">\n<tbody>\n<tr style=\"height: 65px;\">\n<td style=\"height: 65px;\">\n<h3>PR<\/h3>\n<\/td>\n<td style=\"height: 65px;\">\n<h3>PRESSEMELDUNGEN 2016<\/h3>\n<\/td>\n<td style=\"height: 65px;\">\n<h3>MEDIA INFORMATION 2016<\/h3>\n<\/td>\n<\/tr>\n<tr style=\"height: 28px;\">\n<td style=\"height: 28px;\">01<\/td>\n<td style=\"height: 28px;\"><a href=\"http:\/\/www.waldviertel-rallye.at\/cms\/wp-content\/uploads\/2016\/11\/Rallye-Waldviertel-2016-PR-01-Sensation-ERT-Finale-in-\u00d6sterreich-.docx\" class=\"mtli_attachment mtli_docx\">Sensation ERT Finale in \u00d6sterreich<\/a><\/td>\n<td style=\"height: 28px;\">&nbsp;<\/td>\n<\/tr>\n<tr style=\"height: 28px;\">\n<td style=\"height: 28px;\">02<\/td>\n<td style=\"height: 28px;\"><a href=\"http:\/\/www.waldviertel-rallye.at\/cms\/wp-content\/uploads\/2016\/11\/Rallye-Waldviertel-2016-PR-02-Rallyeshow-und-FIA-ERT-Finale-.docx\" class=\"mtli_attachment mtli_docx\">Rallyeshow-und-FIA-ERT-Finale<\/a><\/td>\n<td style=\"height: 28px;\">&nbsp;<\/td>\n<\/tr>\n<tr style=\"height: 140px;\">\n<td style=\"height: 140px;\">03<\/td>\n<td style=\"height: 140px;\"><a href=\"http:\/\/www.waldviertel-rallye.at\/cms\/wp-content\/uploads\/2016\/11\/Rallye-Waldviertel-2016-PR-03-Noch-ein-Spitzenmann-im-Aufgebot-.docx\" class=\"mtli_attachment mtli_docx\">Noch ein Spitzenmann im Aufgebot<\/a><\/p>\n<p><a href=\"http:\/\/www.waldviertel-rallye.at\/cms\/wp-content\/uploads\/2016\/11\/Rallye-Waldviertel-2016-Nennliste-Neu.docx\" class=\"mtli_attachment mtli_docx\">Nennliste<\/a><\/p>\n<p><a href=\"http:\/\/www.waldviertel-rallye.at\/cms\/wp-content\/uploads\/2016\/11\/Rallye-Waldviertel-2016-Nennstatistik-Stand-10.-November.docx\" class=\"mtli_attachment mtli_docx\">Nennstatistik Stand 10.November<\/a><\/td>\n<td style=\"height: 140px;\">&nbsp;<\/td>\n<\/tr>\n<tr style=\"height: 28px;\">\n<td style=\"height: 28px;\">&nbsp;<\/td>\n<td style=\"height: 28px;\"><a href=\"http:\/\/www.waldviertel-rallye.at\/cms\/wp-content\/uploads\/2016\/11\/Rallye-Waldviertel-2016-Pressemappe.docx\" class=\"mtli_attachment mtli_docx\">Pressemappe<\/a><\/td>\n<td style=\"height: 28px;\"><a href=\"http:\/\/www.waldviertel-rallye.at\/cms\/wp-content\/uploads\/2016\/11\/Rallye-Waldviertel-2016-Pressemappe-English.docx\" class=\"mtli_attachment mtli_docx\">Media Map<\/a><\/td>\n<\/tr>\n<tr style=\"height: 28px;\">\n<td style=\"height: 28px;\">04<\/td>\n<td style=\"height: 28px;\">&nbsp;<a href=\"http:\/\/www.waldviertel-rallye.at\/cms\/wp-content\/uploads\/2016\/11\/Rallye-Waldviertel-2016-PR-04-Rallye-total-zum-Saisonfinale-.docx\" class=\"mtli_attachment mtli_docx\">rallye total zum saisonfinale<\/a><\/p>\n<p><a href=\"http:\/\/www.waldviertel-rallye.at\/cms\/wp-content\/uploads\/2016\/11\/Rallye-Waldviertel-2016-Zeitplan-Rallye-docx.docx\" class=\"mtli_attachment mtli_docx\">zeitplan rallye<\/a><\/td>\n<td style=\"height: 28px;\">&nbsp;<\/td>\n<\/tr>\n<tr style=\"height: 28px;\">\n<td style=\"height: 28px;\">05<\/td>\n<td style=\"height: 28px;\">&nbsp;<a href=\"http:\/\/www.waldviertel-rallye.at\/cms\/wp-content\/uploads\/2016\/11\/Rallye-Waldviertel-2016-PR-05-Am-Beifahresitz-von-Stig-Blomqvist-.docx\" class=\"mtli_attachment mtli_docx\">Am beifahresitz von stig blomqvist<\/a><\/td>\n<td style=\"height: 28px;\">&nbsp;<\/td>\n<\/tr>\n<tr style=\"height: 28px;\">\n<td style=\"height: 28px;\">06<\/td>\n<td style=\"height: 28px;\">&nbsp;<a href=\"http:\/\/www.waldviertel-rallye.at\/cms\/wp-content\/uploads\/2016\/11\/Rallye-Waldviertel-2016-PR-06-Alles-ist-angerichtet.docx\" class=\"mtli_attachment mtli_docx\">Alles ist angerichtet<\/a><\/p>\n<p><a href=\"http:\/\/www.waldviertel-rallye.at\/cms\/wp-content\/uploads\/2016\/11\/Rallye-Waldviertel-2016-Programmablauf-der-TOTAL-Rallyeshow-Freitag-18.-November.docx\" class=\"mtli_attachment mtli_docx\">Programmablauf der Total Rallyeshow<\/a><\/p>\n<p><a href=\"http:\/\/www.waldviertel-rallye.at\/cms\/wp-content\/uploads\/2016\/11\/Rallye-Waldviertel-2016-Zeitplan-Rallye-docx-1.docx\" class=\"mtli_attachment mtli_docx\">Zeitplan Rallye<\/a><\/td>\n<td style=\"height: 28px;\">&nbsp;<\/td>\n<\/tr>\n<tr style=\"height: 28px;\">\n<td style=\"height: 28px;\">07<\/td>\n<td style=\"height: 28px;\">&nbsp;<a href=\"http:\/\/www.waldviertel-rallye.at\/cms\/wp-content\/uploads\/2016\/11\/Rallye-Waldviertel-2016-PR-07-Wetter.docx\" class=\"mtli_attachment mtli_docx\">Wetter<\/a><\/td>\n<td style=\"height: 28px;\">&nbsp;<\/td>\n<\/tr>\n<tr style=\"height: 28px;\">\n<td style=\"height: 28px;\">08<\/td>\n<td style=\"height: 28px;\">&nbsp;<a href=\"http:\/\/www.waldviertel-rallye.at\/cms\/wp-content\/uploads\/2016\/11\/Rallye-Waldviertel-2016-PR-08-Vor-dem-Start.docx\" class=\"mtli_attachment mtli_docx\">Vor dem start<\/a><\/td>\n<td style=\"height: 28px;\">&nbsp;<\/td>\n<\/tr>\n<tr style=\"height: 28px;\">\n<td style=\"height: 28px;\">09<\/td>\n<td style=\"height: 28px;\">&nbsp;<a href=\"http:\/\/www.waldviertel-rallye.at\/cms\/wp-content\/uploads\/2016\/11\/Rallye-Waldviertel-2016-PR-09-Nach-SP-2.docx\" class=\"mtli_attachment mtli_docx\">Nach SP 2<\/a><\/td>\n<td style=\"height: 28px;\">&nbsp;<\/td>\n<\/tr>\n<tr style=\"height: 28px;\">\n<td style=\"height: 28px;\">10<\/td>\n<td style=\"height: 28px;\">&nbsp;<a href=\"http:\/\/www.waldviertel-rallye.at\/cms\/wp-content\/uploads\/2016\/11\/Rallye-Waldviertel-2016-PR-10-Nach-dem-ersten-Tag.docx\" class=\"mtli_attachment mtli_docx\">Nach dem ersten Tag<\/a><\/td>\n<td style=\"height: 28px;\">&nbsp;<\/td>\n<\/tr>\n<tr style=\"height: 28px;\">\n<td style=\"height: 28px;\">11<\/td>\n<td style=\"height: 28px;\">&nbsp;<a href=\"http:\/\/www.waldviertel-rallye.at\/cms\/wp-content\/uploads\/2016\/11\/Rallye-Waldviertel-2016-PR-11-Nach-SP-8.docx\" class=\"mtli_attachment mtli_docx\">Nach SP 8<\/a><\/td>\n<td style=\"height: 28px;\">&nbsp;<\/td>\n<\/tr>\n<tr style=\"height: 28px;\">\n<td style=\"height: 28px;\">12<\/td>\n<td style=\"height: 28px;\">&nbsp;<a href=\"http:\/\/www.waldviertel-rallye.at\/cms\/wp-content\/uploads\/2016\/11\/Rallye-Waldviertel-2016-PR-12-Schlussbericht.docx\" class=\"mtli_attachment mtli_docx\">Schlussbericht<\/a><\/td>\n<td style=\"height: 28px;\">&nbsp;<a href=\"http:\/\/www.waldviertel-rallye.at\/cms\/wp-content\/uploads\/2016\/11\/Rallye-Waldviertel-2016-PR-12-Final-release-after-the-rallye-Englisch.docx\" class=\"mtli_attachment mtli_docx\">final release after the rallye<\/a><\/td>\n<\/tr>\n<tr style=\"height: 28px;\">\n<td style=\"height: 28px;\">13<\/td>\n<td style=\"height: 28px;\">&nbsp;<\/td>\n<td style=\"height: 28px;\">&nbsp;<\/td>\n<\/tr>\n<tr style=\"height: 28px;\">\n<td style=\"height: 28px;\">14<\/td>\n<td style=\"height: 28px;\">&nbsp;<\/td>\n<td style=\"height: 28px;\">&nbsp;<\/td>\n<\/tr>\n<tr style=\"height: 28px;\">\n<td style=\"height: 28px;\">15<\/td>\n<td style=\"height: 28px;\">&nbsp;<\/td>\n<td style=\"height: 28px;\">&nbsp;<\/td>\n<\/tr>\n<\/tbody>\n<\/table>\n<p>&nbsp;<\/p>\n<address><a href=\"http:\/\/www.waldviertel-rallye.at\/cms\/?page_id=474\">&gt;&gt; Akkreditierung<\/a><\/address>\n<address><a href=\"http:\/\/www.waldviertel-rallye.at\/cms\/?page_id=48\">&gt;&gt; Pressefotos<\/a><\/address>\n<address><a href=\"http:\/\/www.waldviertel-rallye.at\/cms\/presseinformation-2015\/\">&gt;&gt; Presseinformationen 2015<\/a><\/address>\n<address><a href=\"http:\/\/www.waldviertel-rallye.at\/cms\/?page_id=3884\">&gt;&gt; Presseinformationen 2014<\/a><\/address>\n<address><a href=\"http:\/\/www.waldviertel-rallye.at\/cms\/?p=1658\">&gt;&gt; Presseinformationen 2013<\/a><\/address>\n<address><a href=\"http:\/\/www.waldviertel-rallye.at\/cms\/?page_id=2936\">&gt;&gt; Rallye Archiv mit Presseinformationen und Resultaten ab 1981<\/a><\/address>\n<address>&nbsp;<\/address>\n","protected":false},"excerpt":{"rendered":"<p>Sensationsentscheidung in Paris Riesenerfolg f\u00fcr die Rallye Waldviertel 2016 \/ Dem Saisonfinale in St. P\u00f6lten und Grafenegg wurde das Finale zur FIA European Rally Trophy zugesprochen. 96 Top-Teams aus ganz Europa k\u00f6nnen sich daf\u00fcr qualifizieren Unmittelbar bevor f\u00fcr die \u00f6sterreichische Rallye-Staatsmeisterschaft 2016 am 18. M\u00e4rz im s\u00fcdsteirischen Leutschach die Startflagge geschwungen wird, ist diese seitens [&hellip;]<\/p>\n","protected":false},"author":1,"featured_media":0,"parent":0,"menu_order":0,"comment_status":"closed","ping_status":"closed","template":"","meta":{"ngg_post_thumbnail":0,"footnotes":""},"_links":{"self":[{"href":"http:\/\/www.waldviertel-rallye.at\/cms\/wp-json\/wp\/v2\/pages\/7155"}],"collection":[{"href":"http:\/\/www.waldviertel-rallye.at\/cms\/wp-json\/wp\/v2\/pages"}],"about":[{"href":"http:\/\/www.waldviertel-rallye.at\/cms\/wp-json\/wp\/v2\/types\/page"}],"author":[{"embeddable":true,"href":"http:\/\/www.waldviertel-rallye.at\/cms\/wp-json\/wp\/v2\/users\/1"}],"replies":[{"embeddable":true,"href":"http:\/\/www.waldviertel-rallye.at\/cms\/wp-json\/wp\/v2\/comments?post=7155"}],"version-history":[{"count":18,"href":"http:\/\/www.waldviertel-rallye.at\/cms\/wp-json\/wp\/v2\/pages\/7155\/revisions"}],"predecessor-version":[{"id":7249,"href":"http:\/\/www.waldviertel-rallye.at\/cms\/wp-json\/wp\/v2\/pages\/7155\/revisions\/7249"}],"wp:attachment":[{"href":"http:\/\/www.waldviertel-rallye.at\/cms\/wp-json\/wp\/v2\/media?parent=7155"}],"curies":[{"name":"wp","href":"https:\/\/api.w.org\/{rel}","templated":true}]}}