{"id":6620,"date":"2016-03-31T07:43:56","date_gmt":"2016-03-31T05:43:56","guid":{"rendered":"http:\/\/www.waldviertel-rallye.at\/cms\/?page_id=6620"},"modified":"2016-03-31T07:52:27","modified_gmt":"2016-03-31T05:52:27","slug":"internationaler-edelweiss-bergpreis-rossfeld-berchtesgaden-2016","status":"publish","type":"page","link":"http:\/\/www.waldviertel-rallye.at\/cms\/internationaler-edelweiss-bergpreis-rossfeld-berchtesgaden-2016\/","title":{"rendered":"Internationaler Edelwei\u00df Bergpreis Rossfeld Berchtesgaden 2016"},"content":{"rendered":"<div id=\"content_text\">\n<h2 class=\"contentheading\">Internationaler Edelwei\u00df Bergpreis Rossfeld Berchtesgaden 2016<\/h2>\n<div class=\"padLeftRight16\">\n<div id=\"content\">\n<div class=\"topSpacer\"><\/div>\n<p>Wir freuen uns, das <b>Rossfeldrennen <\/b> mit Organisator <b>Joachim Althammer<\/b> als Partnerveranstaltung pr\u00e4sentieren zu d\u00fcrfen!<\/p>\n<p>Unsere Partnerschaft umfasst folgende gemeinsame Bestrebungen:<\/p>\n<p>1. Sponsoren<br \/>\n2. Medien<br \/>\n3. Star\u00b4s<br \/>\n4. Teilnehmer<br \/>\n5. Zuseher<br \/>\n6. Organisatorisches<\/p>\n<p>Gemeinsame &#8222;Sponsor und Medienprojekte&#8220; sind herzlich willkommen! Bitte kontaktieren Sie uns!<\/p>\n<p>F\u00fcr Zuseher die auch an unseren Partnerveranstaltungen interessiert sind, gibt\u00b4s weiter unten die Info\u00b4s und Link zur Homepage!<\/p>\n<div class=\"topSpacer\"><\/div>\n<div class=\"headline\">\u201eInternationaler Edelwei\u00df Bergpreis Rossfeld Berchtesgaden 2016\u201c<\/div>\n<div class=\"spacer10\"><\/div>\n<p><b>HERZLICH WILLKOMMEN!<\/b><\/p>\n<p align=\"center\"><a href=\"http:\/\/www.rossfeldrennen.de\" target=\"_blank\"><img decoding=\"async\" src=\"http:\/\/www.quattrolegende.com\/img\/partner_sites\/int_bergpreis_rossfeld_2016\/Plakat_Int_Bergpreis_Rossfeld_2016.jpg\" alt=\"\" width=\"403\" \/><\/a><\/p>\n<div class=\"spacer20\"><\/div>\n<p><span class=\"download\"><a href=\"http:\/\/www.quattrolegende.com\/img\/partner_sites\/int_bergpreis_rossfeld_2016\/Plakat_Int_Bergpreis_Rossfeld_2016.pdf?1459402944\" target=\"_blank\"> Download | Int. Edelwei\u00df Bergpreis Rossfeld 2016<\/a><\/span><\/p>\n<div class=\"topSpacer\"><\/div>\n<p>Der <b>\u201eInternationale Edelwei\u00df Bergpreis Ro\u00dffeld Berchtesgaden\u201c<\/b> ist eine nostalgische Zeitreise in die glorreiche Zeit der Europameisterschafts-Bergl\u00e4ufe. Wir schlagen mit dieser Veranstaltung eine Br\u00fccke zwischen den Anf\u00e4ngen des Motorsports am Berg bis zur ersten \u00d6lkrise, welche das Ende der international bedeutenden Bergrennen einl\u00e4utete.<\/p>\n<p>Von 1925 bis 1928 f\u00fchrte das Salzbergrennen furchtlose M\u00e4nner auf Motorr\u00e4dern und Automobilen auf einer Schotterstra\u00dfe von Berchtesgaden auf den Obersalzberg. Ber\u00fchmtheiten wie Hans Stuck sen. und Rudolf Caracciola waren damals am Start und lieferten sich packende Rennen.<\/p>\n<p>Mit der Neuauflage bereiten wir immer am letzten September-Wochenende eine B\u00fchne f\u00fcr die faszinierenden Sport-, Touren-, Renn- und Formelwagen dieser Zeit, sowie die passenden Servicefahrzeuge, Renntransporter, Polizei-, Feuerwehr- und Krankenwagen. Auch die deutschen Automobilhersteller \u00f6ffnen ihre Schatzkammern und bringen die entsprechenden Juwelen zum Ro\u00dffeld. Viele Zeitzeugen wie Teilnehmer, Zuschauer, Sprecher und Funktion\u00e4re tragen neben der authentischen Dekoration zu einer einmaligen Atmosph\u00e4re bei.<\/p>\n<p>Lesen Sie die weiteren Umfangreichen Informationen dieser einzigartigen Veranstaltung auf der Homepage\u00a0\u00a0<a href=\"http:\/\/www.rossfeldrennen.de\" target=\"_blank\">\u00bb\u00a0www.rossfeldrennen.de<\/a><\/p>\n<div class=\"topSpacer\"><\/div>\n<div>\n<div>\n<table border=\"0\" cellspacing=\"0\" cellpadding=\"0\">\n<tbody>\n<tr>\n<td class=\"text18px\" valign=\"top\"><b>Termin:<\/b><\/td>\n<td>23. &#8211; 25. September 2016<\/td>\n<\/tr>\n<tr>\n<td colspan=\"2\"><\/td>\n<\/tr>\n<tr>\n<td class=\"text18px\" valign=\"top\" width=\"140\"><b>Ortsangaben:<\/b><\/td>\n<td>Rossfeld \/ Berchtesgaden<\/td>\n<\/tr>\n<tr>\n<td colspan=\"2\"><\/td>\n<\/tr>\n<tr>\n<td class=\"text18px\" valign=\"top\"><b>Organisation:<\/b><\/td>\n<td>\n<table border=\"0\" cellspacing=\"0\" cellpadding=\"0\">\n<tbody>\n<tr>\n<td colspan=\"2\"><strong>Edelwei\u00df Classic Stiftungs-GmbH<\/strong><\/td>\n<\/tr>\n<tr>\n<td colspan=\"2\"><\/td>\n<\/tr>\n<tr>\n<td colspan=\"2\"><strong>Joachim Althammer<\/strong><\/td>\n<\/tr>\n<tr>\n<td colspan=\"2\"><\/td>\n<\/tr>\n<tr>\n<td colspan=\"2\">Salzburger Str. 8<\/td>\n<\/tr>\n<tr>\n<td colspan=\"2\"><\/td>\n<\/tr>\n<tr>\n<td colspan=\"2\">83404 Ainring<\/td>\n<\/tr>\n<tr>\n<td colspan=\"2\"><\/td>\n<\/tr>\n<tr>\n<td colspan=\"2\">Deutschland<\/td>\n<\/tr>\n<tr>\n<td colspan=\"2\"><\/td>\n<\/tr>\n<tr>\n<td width=\"80\"><strong>Telefon:<\/strong><\/td>\n<td>+49 8654 5892936<\/td>\n<\/tr>\n<tr>\n<td colspan=\"2\"><\/td>\n<\/tr>\n<tr>\n<td width=\"80\"><strong>Fax:<\/strong><\/td>\n<td>+49 8654 5891949<\/td>\n<\/tr>\n<\/tbody>\n<\/table>\n<\/td>\n<\/tr>\n<tr>\n<td colspan=\"2\"><\/td>\n<\/tr>\n<tr>\n<td class=\"text18px\" valign=\"top\"><b>Homepage:<\/b><\/td>\n<td><b><a href=\"http:\/\/www.rossfeldrennen.de\" target=\"_blank\">www.rossfeldrennen.de<\/a><\/b><\/td>\n<\/tr>\n<\/tbody>\n<\/table>\n<\/div>\n<div><a href=\"http:\/\/www.rossfeldrennen.de\" target=\"_blank\"><img decoding=\"async\" src=\"http:\/\/www.quattrolegende.com\/img\/partner_sites\/int_bergpreis_rossfeld_2016\/Rossfeld-logo-16.png\" alt=\"\" width=\"270\" \/><\/a><\/div>\n<\/div>\n<div class=\"clear\"><\/div>\n<div class=\"topSpacer\"><\/div>\n<\/div>\n<\/div>\n<\/div>\n","protected":false},"excerpt":{"rendered":"<p>Internationaler Edelwei\u00df Bergpreis Rossfeld Berchtesgaden 2016 Wir freuen uns, das Rossfeldrennen mit Organisator Joachim Althammer als Partnerveranstaltung pr\u00e4sentieren zu d\u00fcrfen! Unsere Partnerschaft umfasst folgende gemeinsame Bestrebungen: 1. Sponsoren 2. Medien 3. Star\u00b4s 4. Teilnehmer 5. Zuseher 6. Organisatorisches Gemeinsame &#8222;Sponsor und Medienprojekte&#8220; sind herzlich willkommen! Bitte kontaktieren Sie uns! F\u00fcr Zuseher die auch an unseren [&hellip;]<\/p>\n","protected":false},"author":1,"featured_media":0,"parent":0,"menu_order":0,"comment_status":"closed","ping_status":"closed","template":"","meta":{"ngg_post_thumbnail":0,"footnotes":""},"_links":{"self":[{"href":"http:\/\/www.waldviertel-rallye.at\/cms\/wp-json\/wp\/v2\/pages\/6620"}],"collection":[{"href":"http:\/\/www.waldviertel-rallye.at\/cms\/wp-json\/wp\/v2\/pages"}],"about":[{"href":"http:\/\/www.waldviertel-rallye.at\/cms\/wp-json\/wp\/v2\/types\/page"}],"author":[{"embeddable":true,"href":"http:\/\/www.waldviertel-rallye.at\/cms\/wp-json\/wp\/v2\/users\/1"}],"replies":[{"embeddable":true,"href":"http:\/\/www.waldviertel-rallye.at\/cms\/wp-json\/wp\/v2\/comments?post=6620"}],"version-history":[{"count":1,"href":"http:\/\/www.waldviertel-rallye.at\/cms\/wp-json\/wp\/v2\/pages\/6620\/revisions"}],"predecessor-version":[{"id":6621,"href":"http:\/\/www.waldviertel-rallye.at\/cms\/wp-json\/wp\/v2\/pages\/6620\/revisions\/6621"}],"wp:attachment":[{"href":"http:\/\/www.waldviertel-rallye.at\/cms\/wp-json\/wp\/v2\/media?parent=6620"}],"curies":[{"name":"wp","href":"https:\/\/api.w.org\/{rel}","templated":true}]}}