{"id":6433,"date":"2015-11-11T07:20:09","date_gmt":"2015-11-11T06:20:09","guid":{"rendered":"http:\/\/www.waldviertel-rallye.at\/cms\/?page_id=6433"},"modified":"2020-11-04T17:48:05","modified_gmt":"2020-11-04T16:48:05","slug":"tv-berichte-2015","status":"publish","type":"page","link":"http:\/\/www.waldviertel-rallye.at\/cms\/tv-berichte-2015\/","title":{"rendered":"TV BERICHTE"},"content":{"rendered":"<h3>TV 2019:<\/h3>\n<table width=\"976\" cellspacing=\"0\" cellpadding=\"0\" border=\"0\">\n<tbody>\n<tr>\n<td width=\"264\" valign=\"top\" height=\"70\">\n<div align=\"center\"><a href=\"http:\/\/www.noe-rallye.at\/2019\/livestream.html\"><img loading=\"lazy\" decoding=\"async\" class=\"\" src=\"http:\/\/www.noe-rallye.at\/2019\/DOK\/livek.jpg\" alt=\"News\" width=\"299\" height=\"200\" border=\"0\"\/><\/a><\/div>\n<\/td>\n<td class=\"text_kleinschwarz\" width=\"587\">\n<h3><span class=\"ueberschrift_unterstrichen\"><span class=\"ueberschrift_unterstrichen\"><span class=\"Stil2\">Livestream &#8211; Nieder\u00f6sterreich Rallye 2019 by NF1:<\/span><span class=\"text_normal_artikel\"><b><br \/>\n<\/b><\/span><b><\/b><\/span><\/span>&gt; <a class=\"text_normal_artikel_ueb Stil5\" href=\"https:\/\/www.youtube.com\/watch?v=OQCPwMppPgc\" target=\"_blank\" rel=\"noopener\">LIVESTREAM &#8211; FREITAG<\/a><\/h3>\n<h3>&gt; <a class=\"text_normal_artikel_ueb Stil5\" href=\"https:\/\/www.youtube.com\/watch?v=Hg1uzqBjnkc\" target=\"_blank\" rel=\"noopener\">LIVESTREAM &#8211; SAMSTAG<\/a><\/h3>\n<\/td>\n<\/tr>\n<\/tbody>\n<\/table>\n<p>&nbsp;<\/p>\n<h3>TV 2018:<\/h3>\n<p><b class=\"text_normal_news_headline Stil3\">Die Nieder\u00f6sterreich Rallye 2018 im TV &amp; Downloads:<\/b><\/p>\n<table style=\"width: 70.2586%;\" width=\"100%\" cellspacing=\"0\" cellpadding=\"0\" border=\"0\">\n<tbody>\n<tr>\n<td style=\"width: 15.7989%;\" width=\"26%\" valign=\"top\"><span class=\"text_normal_artikel\"><strong>28.09.2018: <\/strong><\/span><span class=\"Stil1\"> 17.25h<\/span><\/td>\n<td style=\"width: 38.7011%;\" width=\"41%\"><span class=\"text_normal_artikel\"><span class=\"Stil5\">LIVE<\/span><span class=\"Stil3\"><strong> &#8222;Sonderpr\u00fcfung 1&#8220;<br \/>\nORF Sport+<\/strong><\/span><\/span><\/td>\n<td style=\"width: 15.7586%;\" width=\"33%\"><span class=\"text_normal_artikel\"><span class=\"Stil3\"><strong>&gt; <a href=\"https:\/\/cloudlogin02.world4you.com\/index.php\/s\/aVdrOg7ZKLWNVL4\" target=\"_blank\" rel=\"noopener\">Download <\/a><\/strong><\/span><\/span><\/td>\n<\/tr>\n<tr>\n<td style=\"width: 15.7989%;\">&nbsp;<\/td>\n<td style=\"width: 38.7011%;\">&nbsp;<\/td>\n<td style=\"width: 15.7586%;\">&nbsp;<\/td>\n<\/tr>\n<tr>\n<td style=\"width: 15.7989%;\" valign=\"top\"><span class=\"text_normal_artikel\"><strong>30.09.2018:<\/strong> 11.30h <\/span><\/td>\n<td style=\"width: 38.7011%;\"><span class=\"text_normal_artikel\"><span class=\"Stil3\"><strong>Sportbild<br \/>\nORF eins<\/strong><\/span><\/span><\/td>\n<td class=\"text_normal_artikel\" style=\"width: 15.7586%;\"><strong>&gt; <a href=\"https:\/\/cloudlogin02.world4you.com\/index.php\/s\/aVdrOg7ZKLWNVL4\" target=\"_blank\" rel=\"noopener\">Download <\/a><\/strong><\/td>\n<\/tr>\n<tr>\n<td style=\"width: 15.7989%;\">&nbsp;<\/td>\n<td style=\"width: 38.7011%;\">&nbsp;<\/td>\n<td class=\"text_normal_artikel\" style=\"width: 15.7586%;\">&nbsp;<\/td>\n<\/tr>\n<tr>\n<td class=\"text_normal_artikel\" style=\"width: 15.7989%;\" valign=\"top\"><strong>03.10.2018: <\/strong>20.15h<\/td>\n<td style=\"width: 38.7011%;\"><span class=\"text_normal_artikel\"> <span class=\"Stil3\"><strong>Highlights der Nieder\u00f6sterreich Rallye 2018 &#8211; ORF Sport+<\/strong><\/span><\/span><\/td>\n<td class=\"text_normal_artikel\" style=\"width: 15.7586%;\"><strong>&gt; <a href=\"https:\/\/cloudlogin02.world4you.com\/index.php\/s\/aVdrOg7ZKLWNVL4\" target=\"_blank\" rel=\"noopener\">Download <\/a><\/strong><\/td>\n<\/tr>\n<tr>\n<td class=\"text_normal_artikel\" style=\"width: 15.7989%;\">&nbsp;<\/td>\n<td style=\"width: 38.7011%;\">&nbsp;<\/td>\n<td class=\"text_normal_artikel\" style=\"width: 15.7586%;\">&nbsp;<\/td>\n<\/tr>\n<tr>\n<td class=\"text_normal_artikel\" style=\"width: 15.7989%;\">&nbsp;<\/td>\n<td style=\"width: 54.4597%;\" colspan=\"2\"><span class=\"text_normal_artikel\"><strong>Wiederholung:<br \/>\n<\/strong>04.10.2018 &#8211; 08:15h \/ 05.10.2018 &#8211; 00:15h \/ 05.10.2018 &#8211; 12:15h<br \/>\n06.10.2018 &#8211; 03:15h \/ 06.10.2018 &#8211; 16:15h<\/span><\/td>\n<\/tr>\n<\/tbody>\n<\/table>\n<p>&nbsp;<\/p>\n<p>&nbsp;<\/p>\n<h3>TV 2017:<\/h3>\n<p><strong>ORF 2:<\/strong>&nbsp; aktuelle Informationen in Sport Aktuel 19:55<\/p>\n<div style=\"width: 1140px;\" class=\"wp-video\"><!--[if lt IE 9]><script>document.createElement('video');<\/script><![endif]-->\n<video class=\"wp-video-shortcode\" id=\"video-6433-1\" width=\"1140\" height=\"641\" preload=\"metadata\" controls=\"controls\"><source type=\"video\/mp4\" src=\"http:\/\/www.waldviertel-rallye.at\/cms\/wp-content\/uploads\/2015\/11\/2017-11-11_1955_tl_02_SPORT-AKTUELL_Krimi-um-Titel-__13952819__o__4872813055__s14172842_2__ORF2HD_19594614P_20001218P_Q8C.mp4?_=1\" \/><a href=\"http:\/\/www.waldviertel-rallye.at\/cms\/wp-content\/uploads\/2015\/11\/2017-11-11_1955_tl_02_SPORT-AKTUELL_Krimi-um-Titel-__13952819__o__4872813055__s14172842_2__ORF2HD_19594614P_20001218P_Q8C.mp4\">http:\/\/www.waldviertel-rallye.at\/cms\/wp-content\/uploads\/2015\/11\/2017-11-11_1955_tl_02_SPORT-AKTUELL_Krimi-um-Titel-__13952819__o__4872813055__s14172842_2__ORF2HD_19594614P_20001218P_Q8C.mp4<\/a><\/video><\/div>\n<p><strong>ORF 1:<\/strong> Sport Bild am 12.11.2017<\/p>\n<div style=\"width: 1140px;\" class=\"wp-video\"><video class=\"wp-video-shortcode\" id=\"video-6433-2\" width=\"1140\" height=\"641\" preload=\"metadata\" controls=\"controls\"><source type=\"video\/mp4\" src=\"http:\/\/www.waldviertel-rallye.at\/cms\/wp-content\/uploads\/2015\/11\/2017-11-12_1150_tl_01_SPORT-BILD_Waldviertelrall__13952857__o__1467300511__s14173251_1__ORF1HD_11474224P_11514201P_Q8C.mp4?_=2\" \/><a href=\"http:\/\/www.waldviertel-rallye.at\/cms\/wp-content\/uploads\/2015\/11\/2017-11-12_1150_tl_01_SPORT-BILD_Waldviertelrall__13952857__o__1467300511__s14173251_1__ORF1HD_11474224P_11514201P_Q8C.mp4\">http:\/\/www.waldviertel-rallye.at\/cms\/wp-content\/uploads\/2015\/11\/2017-11-12_1150_tl_01_SPORT-BILD_Waldviertelrall__13952857__o__1467300511__s14173251_1__ORF1HD_11474224P_11514201P_Q8C.mp4<\/a><\/video><\/div>\n<p>&nbsp;<\/p>\n<p><strong>ORF Sport Plus:<\/strong> Zusammenfassung 45 Minuten am 14.11.2017<\/p>\n<p><strong>ORF 1:<\/strong> MAGAZIN DRIVE am Sonntag den 19.11.2017<\/p>\n<h3>&nbsp;<\/h3>\n<p>&nbsp;<\/p>\n<p>&nbsp;<\/p>\n<h3>TV Zeiten 2016:<\/h3>\n<p><strong>ORF 1:<\/strong> 6 Werbespots&nbsp; in der Rallyewoche&nbsp; (11. &#8211; 17.11.2016)<\/p>\n<p><strong>ORF Sport Plus:<\/strong> Live\u00fcbertragung der SP 2 aus dem VAZ St. P\u00f6lten&nbsp; am 18.11.2016 von 15:00 bis 16:50<\/p>\n<p><strong>ORF 2:<\/strong>&nbsp; aktuelle Informationen in Sport Aktuel 19:55<\/p>\n<p><strong>ORF 1:<\/strong> Sport Bild am 20.11.2016<\/p>\n<p><strong>ORF Sport Plus:<\/strong> Zusammenfassung am &#8230;&#8230;<\/p>\n<p><strong>ORF 1:<\/strong> MAGAZIN DRIVE am Sonntag den 27.11.2016<\/p>\n<hr \/>\n<p>&nbsp;<\/p>\n<p>Mit 2:45 Stunden TV \u00dcbertragungszeiten ohne Wiederholungen schaffte die Ralllye Waldviertel 2015 einen einmaligen medialen Auftritt f\u00fcr den \u00f6sterreichischen Rallyesport:<\/p>\n<h3>BERICHT ORF SPORT BILD (5:30)<\/h3>\n<div style=\"width: 960px;\" class=\"wp-video\"><video class=\"wp-video-shortcode\" id=\"video-6433-3\" width=\"960\" height=\"544\" preload=\"metadata\" controls=\"controls\"><source type=\"video\/mp4\" src=\"http:\/\/www.waldviertel-rallye.at\/cms\/wp-content\/uploads\/2015\/11\/2015-11-08_1125_tl_01_Sport-Bild_Baumschlager-gewinnt__10932763__o__0001662598__s10932768___ye_ORF1HiRes_11264217P_11323300P_Q6A.mp4?_=3\" \/><a href=\"http:\/\/www.waldviertel-rallye.at\/cms\/wp-content\/uploads\/2015\/11\/2015-11-08_1125_tl_01_Sport-Bild_Baumschlager-gewinnt__10932763__o__0001662598__s10932768___ye_ORF1HiRes_11264217P_11323300P_Q6A.mp4\">http:\/\/www.waldviertel-rallye.at\/cms\/wp-content\/uploads\/2015\/11\/2015-11-08_1125_tl_01_Sport-Bild_Baumschlager-gewinnt__10932763__o__0001662598__s10932768___ye_ORF1HiRes_11264217P_11323300P_Q6A.mp4<\/a><\/video><\/div>\n<h3><a href=\"https:\/\/www.dropbox.com\/s\/ru6skxomauhoqvp\/Waldviertel-Rallye-LIVEBERICHT.mp4?dl=0\" target=\"_blank\" rel=\"noopener\">Waldviertel-Rallye-LIVEBERICHT SP 2 (95 min.)<\/a><\/h3>\n<h3>&nbsp;<\/h3>\n<h3>KABELNETZ:<\/h3>\n<h3><a href=\"https:\/\/www.dropbox.com\/s\/kf8zn7pzxegjj0n\/P3-TV%20Beitr%C3%A4ge%202015.mp4?dl=0\" target=\"_blank\" rel=\"noopener\">P3 Kabel TV St. P\u00f6lten <\/a><\/h3>\n<h3><a href=\"https:\/\/www.dropbox.com\/s\/e7w5qzin2rnjbdu\/MOTOR-TV.mp4?dl=0\" target=\"_blank\" rel=\"noopener\">MOTOR TV Folge 13 (Kabelnetz)<\/a><\/h3>\n<p>&nbsp;<\/p>\n<hr \/>\n<p>&nbsp;<\/p>\n<h3><a href=\"http:\/\/www.waldviertel-rallye.at\/cms\/wp-content\/uploads\/2014\/01\/DROPBOX.png\"><img loading=\"lazy\" decoding=\"async\" class=\"wp-image-4009 alignnone\" src=\"http:\/\/www.waldviertel-rallye.at\/cms\/wp-content\/uploads\/2014\/01\/DROPBOX-1024x347.png\" alt=\"DROPBOX\" width=\"142\" height=\"48\" srcset=\"http:\/\/www.waldviertel-rallye.at\/cms\/wp-content\/uploads\/2014\/01\/DROPBOX-1024x347.png 1024w, http:\/\/www.waldviertel-rallye.at\/cms\/wp-content\/uploads\/2014\/01\/DROPBOX-300x101.png 300w, http:\/\/www.waldviertel-rallye.at\/cms\/wp-content\/uploads\/2014\/01\/DROPBOX-600x203.png 600w, http:\/\/www.waldviertel-rallye.at\/cms\/wp-content\/uploads\/2014\/01\/DROPBOX-250x84.png 250w, http:\/\/www.waldviertel-rallye.at\/cms\/wp-content\/uploads\/2014\/01\/DROPBOX.png 2000w\" sizes=\"(max-width: 142px) 100vw, 142px\" \/><\/a><\/h3>\n<h3><a href=\"https:\/\/www.dropbox.com\/sh\/mx8po3f0wypcw81\/AAB0ibrY8I1-K0Bl__XVq6Tma?dl=0\" target=\"_blank\" rel=\"noopener\">Alle TV Berichte 2015 zum download<\/a><\/h3>\n","protected":false},"excerpt":{"rendered":"<p>TV 2019: Livestream &#8211; Nieder\u00f6sterreich Rallye 2019 by NF1: &gt; LIVESTREAM &#8211; FREITAG &gt; LIVESTREAM &#8211; SAMSTAG &nbsp; TV 2018: Die Nieder\u00f6sterreich Rallye 2018 im TV &amp; Downloads: 28.09.2018: 17.25h LIVE &#8222;Sonderpr\u00fcfung 1&#8220; ORF Sport+ &gt; Download &nbsp; &nbsp; &nbsp; 30.09.2018: 11.30h Sportbild ORF eins &gt; Download &nbsp; &nbsp; &nbsp; 03.10.2018: 20.15h Highlights der Nieder\u00f6sterreich [&hellip;]<\/p>\n","protected":false},"author":1,"featured_media":0,"parent":0,"menu_order":0,"comment_status":"closed","ping_status":"closed","template":"","meta":{"ngg_post_thumbnail":0,"footnotes":""},"_links":{"self":[{"href":"http:\/\/www.waldviertel-rallye.at\/cms\/wp-json\/wp\/v2\/pages\/6433"}],"collection":[{"href":"http:\/\/www.waldviertel-rallye.at\/cms\/wp-json\/wp\/v2\/pages"}],"about":[{"href":"http:\/\/www.waldviertel-rallye.at\/cms\/wp-json\/wp\/v2\/types\/page"}],"author":[{"embeddable":true,"href":"http:\/\/www.waldviertel-rallye.at\/cms\/wp-json\/wp\/v2\/users\/1"}],"replies":[{"embeddable":true,"href":"http:\/\/www.waldviertel-rallye.at\/cms\/wp-json\/wp\/v2\/comments?post=6433"}],"version-history":[{"count":22,"href":"http:\/\/www.waldviertel-rallye.at\/cms\/wp-json\/wp\/v2\/pages\/6433\/revisions"}],"predecessor-version":[{"id":8052,"href":"http:\/\/www.waldviertel-rallye.at\/cms\/wp-json\/wp\/v2\/pages\/6433\/revisions\/8052"}],"wp:attachment":[{"href":"http:\/\/www.waldviertel-rallye.at\/cms\/wp-json\/wp\/v2\/media?parent=6433"}],"curies":[{"name":"wp","href":"https:\/\/api.w.org\/{rel}","templated":true}]}}