{"id":5490,"date":"2015-03-01T18:54:36","date_gmt":"2015-03-01T17:54:36","guid":{"rendered":"http:\/\/www.waldviertel-rallye.at\/cms\/?page_id=5490"},"modified":"2015-11-10T18:53:39","modified_gmt":"2015-11-10T17:53:39","slug":"presseinformation-2015","status":"publish","type":"page","link":"http:\/\/www.waldviertel-rallye.at\/cms\/presseinformation-2015\/","title":{"rendered":"Presse Info 2015"},"content":{"rendered":"<p align=\"center\"><a href=\"http:\/\/www.waldviertel-rallye.at\/cms\/wp-content\/uploads\/2015\/03\/Rallyeschild-2015-final.png\"><img loading=\"lazy\" decoding=\"async\" class=\"wp-image-5979 aligncenter\" src=\"http:\/\/www.waldviertel-rallye.at\/cms\/wp-content\/uploads\/2015\/03\/Rallyeschild-2015-final.png\" alt=\"Rallyeschild-2015-final\" width=\"246\" height=\"140\" srcset=\"http:\/\/www.waldviertel-rallye.at\/cms\/wp-content\/uploads\/2015\/03\/Rallyeschild-2015-final.png 827w, http:\/\/www.waldviertel-rallye.at\/cms\/wp-content\/uploads\/2015\/03\/Rallyeschild-2015-final-300x171.png 300w, http:\/\/www.waldviertel-rallye.at\/cms\/wp-content\/uploads\/2015\/03\/Rallyeschild-2015-final-250x143.png 250w, http:\/\/www.waldviertel-rallye.at\/cms\/wp-content\/uploads\/2015\/03\/Rallyeschild-2015-final-36x21.png 36w, http:\/\/www.waldviertel-rallye.at\/cms\/wp-content\/uploads\/2015\/03\/Rallyeschild-2015-final-90x51.png 90w, http:\/\/www.waldviertel-rallye.at\/cms\/wp-content\/uploads\/2015\/03\/Rallyeschild-2015-final-150x86.png 150w, http:\/\/www.waldviertel-rallye.at\/cms\/wp-content\/uploads\/2015\/03\/Rallyeschild-2015-final-32x18.png 32w\" sizes=\"(max-width: 246px) 100vw, 246px\" \/><\/a><\/p>\n<p align=\"center\"><strong>Presseinformationen 2015<\/strong><\/p>\n<p align=\"center\"><b>Die Rallye Waldviertel als Qualit\u00e4tsprodukt best\u00e4tigt<\/b><\/p>\n<p align=\"center\"><b>\u00a0<\/b><\/p>\n<p align=\"center\"><b>Der FIA-Observer-Bericht bewertete das Rallye-Saisonfinale 2014 in Grafenegg als Nummer 1 in Europa \/ Als Lohn gab es eine Aufwertung des Coeffizienten von 3 auf 4<\/b><\/p>\n<p align=\"center\"><b>\u00a0<\/b><\/p>\n<p><strong><a href=\"http:\/\/www.waldviertel-rallye.at\/cms\/wp-content\/uploads\/2014\/12\/waldviertel_mrlik_start_may1.jpg\"><img loading=\"lazy\" decoding=\"async\" class=\"alignleft\" src=\"http:\/\/www.waldviertel-rallye.at\/cms\/wp-content\/uploads\/2014\/12\/waldviertel_mrlik_start_may1.jpg\" alt=\"waldviertel_mrlik_start_may\" width=\"227\" height=\"151\" \/><\/a><\/strong>Die <b>Rallye Waldviertel<\/b> bildet auch heuer (im November) den Schlusspunkt der noch so jungen Rallye-Staatsmeisterschaft in \u00d6sterreich. Der Computer im B\u00f6heimkirchner B\u00fcro von <b>Helmut Sch\u00f6pf<\/b> gl\u00fcht trotzdem bereits. Zeitpl\u00e4ne, Streckenpl\u00e4ne, Asphaltanteile, Schotterpassagen und und und \u2013 alles will festgehalten, alles bis ins kleinste Detail schon jetzt geplant sein. Dass die Brust des rastlosen Organisators dabei stolzgeschwellt und dessen sowieso ungebrochener Arbeitseifer hinsichtlich seines Prestigeobjekts noch zus\u00e4tzlich gesteigert ist, hat einen erfreulichen Grund, der Sch\u00f6pf nach der letzten <b>Waldviertel-Rallye<\/b> ins Haus geflattert ist.<\/p>\n<p>&nbsp;<\/p>\n<p>Der Observer-Bericht der FIA wies das rotwei\u00dfrote Saisonfinale rund um Grafenegg n\u00e4mlich als <b>bestbewertete aller von der FIA in Europa angesetzten Rallyes des Jahres 2014<\/b> aus. Nicht inkludiert sind in diesen Bericht die WRC-Rallyes, diese unterliegen einem anderen Observer. Aber an der Spitze von immerhin 14 hochkar\u00e4tigen europ\u00e4ischen Motorsport-Events zu liegen, darf schon als <b>au\u00dfergew\u00f6hnlicher Qualit\u00e4tsbeweis<\/b> gedeutet werden.<\/p>\n<table style=\"height: 380px;\" border=\"0\" width=\"481\">\n<tbody>\n<tr>\n<td>\n<h3>PR<\/h3>\n<\/td>\n<td>\n<h3>PRESSEMELDUNGEN 2015<\/h3>\n<\/td>\n<td>\n<h3>MEDIA INFORMATION 2015<\/h3>\n<\/td>\n<\/tr>\n<tr>\n<td>01<\/td>\n<td><a href=\"http:\/\/www.waldviertel-rallye.at\/cms\/wp-content\/uploads\/2014\/12\/Waldviertel-Rallye-2015-PR-01-Aufwertung-durch-die-FIA.docx\" class=\"mtli_attachment mtli_docx\">Aufwertung durch die FIA<\/a><\/td>\n<td><a href=\"http:\/\/www.waldviertel-rallye.at\/cms\/wp-content\/uploads\/2014\/12\/Waldviertel-Rallye-2015-PR-01-ENG-Upgrading-from-FIA-docx.docx\" class=\"mtli_attachment mtli_docx\">PR 01 ENG Upgrading from FIA docx<\/a><\/td>\n<\/tr>\n<tr>\n<td>02<\/td>\n<td><a href=\"http:\/\/www.waldviertel-rallye.at\/cms\/wp-content\/uploads\/2015\/03\/Waldviertel-Rallye-2015-PR-02-Rallye-Finale-in-St.-Po\u0308lten.docx\" class=\"mtli_attachment mtli_docx\">Rallye-Finale in St. P\u00f6lten<\/a><\/td>\n<td><\/td>\n<\/tr>\n<tr>\n<td>03<\/td>\n<td><a href=\"http:\/\/www.waldviertel-rallye.at\/cms\/wp-content\/uploads\/2015\/03\/Waldviertel-Rallye-2015-PR-03-Noch-ein-Monat-bis-zum-Rallye-Saisonfinale.docx\" class=\"mtli_attachment mtli_docx\">Noch ein Monat bis zum Rallye-Saisonfinale<\/a><\/td>\n<td><\/td>\n<\/tr>\n<tr>\n<td>04<\/td>\n<td>\u00a0<a href=\"http:\/\/www.waldviertel-rallye.at\/cms\/wp-content\/uploads\/2015\/03\/Waldviertel-Rallye-2015-PR-04-Rallyepass.docx\" class=\"mtli_attachment mtli_docx\">Um nur 15 Euro zur WM-Rallye in Finnland<\/a><\/td>\n<td><\/td>\n<\/tr>\n<tr>\n<td>05<\/td>\n<td>\u00a0<a href=\"http:\/\/www.waldviertel-rallye.at\/cms\/wp-content\/uploads\/2015\/03\/Waldviertel-Rallye-2015-PR-05-Erstmals-live-im-ORF.docx\" class=\"mtli_attachment mtli_docx\">Rallye Waldviertel erstmals live im Fernsehen<\/a><\/td>\n<td><\/td>\n<\/tr>\n<tr>\n<td>06<\/td>\n<td><a href=\"http:\/\/www.waldviertel-rallye.at\/cms\/wp-content\/uploads\/2015\/03\/Waldviertel-Rallye-2015-PR-06-Nennliste-Nennstatistik-plus-sportliche-Vorschau.docx\" class=\"mtli_attachment mtli_docx\">Die 35. Rallye Waldviertel mit einem finalen PS-Festival<\/a><\/td>\n<td><a href=\"http:\/\/www.waldviertel-rallye.at\/cms\/wp-content\/uploads\/2015\/03\/Waldviertel-Rallye-2015-Nennliste-komplett.xlsx\" class=\"mtli_attachment mtli_xlsx\">Nennliste komplett<\/a><\/td>\n<\/tr>\n<tr>\n<td>07<\/td>\n<td><a href=\"http:\/\/www.waldviertel-rallye.at\/cms\/wp-content\/uploads\/2015\/03\/Waldviertel-Rallye-2015-PR-07-Allgemeine-Infos-Sponsoren-Gemeinden-und-Zeitplan.docx\" class=\"mtli_attachment mtli_docx\">Die diesj\u00e4hrige Rallye Waldviertel feiert heuer nicht nur ihren 35. Geburtstag, sondern bietet den Rallyefans gleich drei H\u00f6hepunkte.<\/a><\/td>\n<td><\/td>\n<\/tr>\n<tr>\n<td>08<\/td>\n<td>\u00a0<a href=\"http:\/\/www.waldviertel-rallye.at\/cms\/wp-content\/uploads\/2015\/03\/Waldviertel-Rallye-2015-PR-08-Harrach-Nennliste-Siegerstatistik-PR-Info.docx\" class=\"mtli_attachment mtli_docx\">Der Ex-Staatsmeister in neuen Rollen<\/a><\/td>\n<td><a href=\"http:\/\/www.waldviertel-rallye.at\/cms\/wp-content\/uploads\/2015\/03\/Waldviertel-Rallye-2015-Nennliste-endg\u00fcltig.xlsx\" class=\"mtli_attachment mtli_xlsx\">Nennliste endg\u00fcltig<\/a><\/td>\n<\/tr>\n<tr>\n<td>09<\/td>\n<td>\u00a0<a href=\"http:\/\/www.waldviertel-rallye.at\/cms\/wp-content\/uploads\/2015\/03\/Waldviertel-Rallye-2015-PR-09-N\u00d6-Rallyetrophy-Finale.docx\" class=\"mtli_attachment mtli_docx\">Finale der N\u00d6 Rallyetrophy bei der Waldviertel Rallye 2015<\/a><\/td>\n<td><\/td>\n<\/tr>\n<tr>\n<td>10<\/td>\n<td><a href=\"http:\/\/www.waldviertel-rallye.at\/cms\/wp-content\/uploads\/2015\/03\/Waldviertel-Rallye-2015-PR-10-Sportliches-und-Wetter.docx\" class=\"mtli_attachment mtli_docx\">Gespannte Ruhe vor dem Sturm auf den letzten Sieg des Jahres<\/a><\/td>\n<td><\/td>\n<\/tr>\n<tr>\n<td>11<\/td>\n<td>\u00a0<a href=\"http:\/\/www.waldviertel-rallye.at\/cms\/wp-content\/uploads\/2015\/03\/Waldviertel-Rallye-2015-PR-11-Bestens-ger\u00fcstet-ins-Saisonfinale.docx\" class=\"mtli_attachment mtli_docx\">Bestens ger\u00fcstet ins Saisonfinale<\/a><\/td>\n<td><\/td>\n<\/tr>\n<tr>\n<td>12<\/td>\n<td>\u00a0<a href=\"http:\/\/www.waldviertel-rallye.at\/cms\/wp-content\/uploads\/2015\/03\/Waldviertel-Rallye-2015-PR-12-Vor-dem-Start.docx\" class=\"mtli_attachment mtli_docx\">Startfreigabe heute in St. P\u00f6lten!<\/a><\/td>\n<td><\/td>\n<\/tr>\n<tr>\n<td>13<\/td>\n<td><a href=\"http:\/\/www.waldviertel-rallye.at\/cms\/wp-content\/uploads\/2015\/03\/Waldviertel-Rallye-2015-PR-13-Nach-SP-1.docx\" class=\"mtli_attachment mtli_docx\">Baumschlager er\u00f6ffnet mit Bestzeit<\/a><\/td>\n<td><\/td>\n<\/tr>\n<tr>\n<td>14<\/td>\n<td>\u00a0<a href=\"http:\/\/www.waldviertel-rallye.at\/cms\/wp-content\/uploads\/2015\/03\/Waldviertel-Rallye-2015-PR-14-Nach-dem-ersten-Tag.docx\" class=\"mtli_attachment mtli_docx\">Tag eins ging an den Champion <\/a><\/td>\n<td><\/td>\n<\/tr>\n<tr>\n<td>15<\/td>\n<td>\u00a0<a href=\"http:\/\/www.waldviertel-rallye.at\/cms\/wp-content\/uploads\/2015\/03\/Waldviertel-Rallye-2015-PR-15-Nach-SP-7.docx\" class=\"mtli_attachment mtli_docx\">Sekundenschlacht um das Siegespodest<\/a><\/td>\n<td><\/td>\n<\/tr>\n<tr>\n<td>16<\/td>\n<td><a href=\"http:\/\/www.waldviertel-rallye.at\/cms\/wp-content\/uploads\/2015\/03\/Waldviertel-Rallye-2015-PR-16-Nach-SP-9.docx\" class=\"mtli_attachment mtli_docx\">Nur er selber oder die Technik k\u00f6nnen Baumschlager noch schlagen<\/a><\/td>\n<td><\/td>\n<\/tr>\n<tr>\n<td>17<\/td>\n<td><a href=\"http:\/\/www.waldviertel-rallye.at\/cms\/wp-content\/uploads\/2015\/03\/Waldviertel-Rallye-2015-PR-17-Schlussbericht.docx\" class=\"mtli_attachment mtli_docx\">Und wieder ein Rekord f\u00fcr Raimund Baumschlager<\/a><\/td>\n<td><\/td>\n<\/tr>\n<tr>\n<td>18<\/td>\n<td><a href=\"http:\/\/www.waldviertel-rallye.at\/cms\/wp-content\/uploads\/2015\/11\/Waldviertel-Rallye-2015-Endergebnis-der-Nieder\u00f6sterreich-Rallye-Trophy.docx\" class=\"mtli_attachment mtli_docx\">Endresultat der Nieder\u00f6sterreichischen Rallyetrophy 2015<\/a><\/td>\n<td><\/td>\n<\/tr>\n<\/tbody>\n<\/table>\n<p>&nbsp;<\/p>\n<address><a href=\"http:\/\/www.waldviertel-rallye.at\/cms\/?page_id=474\">&gt;&gt; Akkreditierung<\/a><\/address>\n<address><a href=\"http:\/\/www.waldviertel-rallye.at\/cms\/?page_id=48\">&gt;&gt; Pressefotos<\/a><\/address>\n<address><a href=\"http:\/\/www.waldviertel-rallye.at\/cms\/?page_id=3884\">&gt;&gt; Presseinformationen 2014<\/a><\/address>\n<address><a href=\"http:\/\/www.waldviertel-rallye.at\/cms\/?p=1658\">&gt;&gt; Presseinformationen 2013<\/a><\/address>\n<address><a href=\"http:\/\/www.waldviertel-rallye.at\/cms\/?page_id=2936\">&gt;&gt; Rallye Archiv mit Presseinformationen und Resultaten ab 1981<\/a><\/address>\n<address>\u00a0<\/address>\n","protected":false},"excerpt":{"rendered":"<p>Presseinformationen 2015 Die Rallye Waldviertel als Qualit\u00e4tsprodukt best\u00e4tigt \u00a0 Der FIA-Observer-Bericht bewertete das Rallye-Saisonfinale 2014 in Grafenegg als Nummer 1 in Europa \/ Als Lohn gab es eine Aufwertung des Coeffizienten von 3 auf 4 \u00a0 Die Rallye Waldviertel bildet auch heuer (im November) den Schlusspunkt der noch so jungen Rallye-Staatsmeisterschaft in \u00d6sterreich. Der Computer [&hellip;]<\/p>\n","protected":false},"author":1,"featured_media":0,"parent":0,"menu_order":0,"comment_status":"open","ping_status":"closed","template":"","meta":{"ngg_post_thumbnail":0,"footnotes":""},"_links":{"self":[{"href":"http:\/\/www.waldviertel-rallye.at\/cms\/wp-json\/wp\/v2\/pages\/5490"}],"collection":[{"href":"http:\/\/www.waldviertel-rallye.at\/cms\/wp-json\/wp\/v2\/pages"}],"about":[{"href":"http:\/\/www.waldviertel-rallye.at\/cms\/wp-json\/wp\/v2\/types\/page"}],"author":[{"embeddable":true,"href":"http:\/\/www.waldviertel-rallye.at\/cms\/wp-json\/wp\/v2\/users\/1"}],"replies":[{"embeddable":true,"href":"http:\/\/www.waldviertel-rallye.at\/cms\/wp-json\/wp\/v2\/comments?post=5490"}],"version-history":[{"count":22,"href":"http:\/\/www.waldviertel-rallye.at\/cms\/wp-json\/wp\/v2\/pages\/5490\/revisions"}],"predecessor-version":[{"id":6431,"href":"http:\/\/www.waldviertel-rallye.at\/cms\/wp-json\/wp\/v2\/pages\/5490\/revisions\/6431"}],"wp:attachment":[{"href":"http:\/\/www.waldviertel-rallye.at\/cms\/wp-json\/wp\/v2\/media?parent=5490"}],"curies":[{"name":"wp","href":"https:\/\/api.w.org\/{rel}","templated":true}]}}