{"id":49,"date":"2013-03-15T18:43:52","date_gmt":"2013-03-15T18:43:52","guid":{"rendered":"http:\/\/www.waldviertel-rallye.at\/cms\/?page_id=49"},"modified":"2020-11-04T17:33:57","modified_gmt":"2020-11-04T16:33:57","slug":"sponsors","status":"publish","type":"page","link":"http:\/\/www.waldviertel-rallye.at\/cms\/spectators\/sponsors\/","title":{"rendered":"<!--:de-->Sponsors<!--:--><!--:en-->Sponsors<!--:-->"},"content":{"rendered":"<p><!--:de--><\/p>\n<h3>Unsere Sponsoren &amp; Partner:<code><\/code><\/h3>\n<p>Sponsoren sind ein unverzichtbares und wichtiges Element bei Sportveranstaltungen. Die Zukunft von Gro\u00dfveranstaltungen liegt nicht alleine in den H\u00e4nden und der Verantwortung von einzelnen Enthusiaten im Organisationsbereich sondern immer mehr auch bei den Sponsoren und Partnern einer Veranstaltung. Als Zuseher und Medienmitarbeiter haben Sie die M\u00f6glichkeit unseren Sponsoren und Unterst\u00fctzern auch direkt f\u00fcr ihr Engagement DANKE zu sagen. Ber\u00fccksichtigen Sie daher bei Ihrem Einkauf die Produkte und Marken die von Sponsoren der Rallye Waldviertel erzeugt und vertrieben werden.<\/p>\n<h3>Besonders wichtig f\u00fcr die Veranstaltung sind die <a href=\"http:\/\/www.waldviertel-rallye.at\/cms\/rallye-gemeinden\/\">Gemeinden<\/a> der Rallyeregion und die Gastronomiebetriebe im Rallyegebiet.<\/h3>\n<p>N\u00e4chtigen Sie daher bitte direkt in der Region und den Partnergemeinden und besuchen Sie die Gastronomiebetriebe die auch teilweise im Rallyeprogramm inserieren.<\/p>\n<p>&nbsp;<\/p>\n<p><strong>Ein besonderem Dank der Organisation ergeht an:<\/strong><\/p>\n<p>Autohaus SENKER<\/p>\n<p>Reifen WEICHBERGER<\/p>\n<p>Autohaus ECKL<\/p>\n<p>KAUSL Energiesysteme und Bad Design<\/p>\n<p>Tansporte BLEICHER<\/p>\n<p>MODUL RINNENSYSTEME B\u00f6heimkirchen<\/p>\n<p>PIRELLI<\/p>\n<p>WALDVIERTEL TOURISMUS<\/p>\n<p>WKO Nieder\u00f6sterreich<code><br \/>\n<\/code><\/p>\n<p><!--:--><\/p>\n","protected":false},"excerpt":{"rendered":"<p>Unsere Sponsoren &amp; Partner: Sponsoren sind ein unverzichtbares und wichtiges Element bei Sportveranstaltungen. Die Zukunft von Gro\u00dfveranstaltungen liegt nicht alleine in den H\u00e4nden und der Verantwortung von einzelnen Enthusiaten im Organisationsbereich sondern immer mehr auch bei den Sponsoren und Partnern einer Veranstaltung. Als Zuseher und Medienmitarbeiter haben Sie die M\u00f6glichkeit unseren Sponsoren und Unterst\u00fctzern auch [&hellip;]<\/p>\n","protected":false},"author":2,"featured_media":0,"parent":2,"menu_order":0,"comment_status":"closed","ping_status":"closed","template":"","meta":{"ngg_post_thumbnail":0,"footnotes":""},"_links":{"self":[{"href":"http:\/\/www.waldviertel-rallye.at\/cms\/wp-json\/wp\/v2\/pages\/49"}],"collection":[{"href":"http:\/\/www.waldviertel-rallye.at\/cms\/wp-json\/wp\/v2\/pages"}],"about":[{"href":"http:\/\/www.waldviertel-rallye.at\/cms\/wp-json\/wp\/v2\/types\/page"}],"author":[{"embeddable":true,"href":"http:\/\/www.waldviertel-rallye.at\/cms\/wp-json\/wp\/v2\/users\/2"}],"replies":[{"embeddable":true,"href":"http:\/\/www.waldviertel-rallye.at\/cms\/wp-json\/wp\/v2\/comments?post=49"}],"version-history":[{"count":22,"href":"http:\/\/www.waldviertel-rallye.at\/cms\/wp-json\/wp\/v2\/pages\/49\/revisions"}],"predecessor-version":[{"id":8041,"href":"http:\/\/www.waldviertel-rallye.at\/cms\/wp-json\/wp\/v2\/pages\/49\/revisions\/8041"}],"up":[{"embeddable":true,"href":"http:\/\/www.waldviertel-rallye.at\/cms\/wp-json\/wp\/v2\/pages\/2"}],"wp:attachment":[{"href":"http:\/\/www.waldviertel-rallye.at\/cms\/wp-json\/wp\/v2\/media?parent=49"}],"curies":[{"name":"wp","href":"https:\/\/api.w.org\/{rel}","templated":true}]}}