{"id":2,"date":"2013-03-15T08:06:16","date_gmt":"2013-03-15T08:06:16","guid":{"rendered":"http:\/\/www.waldviertel-rallye.at\/cms\/?page_id=2"},"modified":"2020-11-04T15:04:00","modified_gmt":"2020-11-04T14:04:00","slug":"spectators","status":"publish","type":"page","link":"http:\/\/www.waldviertel-rallye.at\/cms\/spectators\/","title":{"rendered":"<!--:de-->ZUSEHER<!--:--><!--:en-->SPECTATORS<!--:-->"},"content":{"rendered":"<p><!--:de--><\/p>\n<h3><a href=\"http:\/\/www.waldviertel-rallye.at\/cms\/wp-content\/uploads\/2014\/12\/marke_waldviertel_2c_rgb.png\"><img loading=\"lazy\" decoding=\"async\" class=\"alignleft wp-image-5632\" src=\"http:\/\/www.waldviertel-rallye.at\/cms\/wp-content\/uploads\/2014\/12\/marke_waldviertel_2c_rgb-1024x1024.png\" alt=\"marke_waldviertel_2c_rgb\" width=\"87\" height=\"87\" srcset=\"http:\/\/www.waldviertel-rallye.at\/cms\/wp-content\/uploads\/2014\/12\/marke_waldviertel_2c_rgb-1024x1024.png 1024w, http:\/\/www.waldviertel-rallye.at\/cms\/wp-content\/uploads\/2014\/12\/marke_waldviertel_2c_rgb-150x150.png 150w, http:\/\/www.waldviertel-rallye.at\/cms\/wp-content\/uploads\/2014\/12\/marke_waldviertel_2c_rgb-300x300.png 300w, http:\/\/www.waldviertel-rallye.at\/cms\/wp-content\/uploads\/2014\/12\/marke_waldviertel_2c_rgb-250x250.png 250w, http:\/\/www.waldviertel-rallye.at\/cms\/wp-content\/uploads\/2014\/12\/marke_waldviertel_2c_rgb.png 1748w\" sizes=\"(max-width: 87px) 100vw, 87px\" \/><\/a><\/h3>\n<h3>&nbsp;<\/h3>\n<h3><span style=\"color: #ff0000;\">!! LOOK OUT THE SPECTATORS FIA SAFETY VIDEO !!<\/span><\/h3>\n<h3><strong>Alle Zuseher und Sicherheitsinformationen zur aktuellen Veranstaltung&nbsp;<\/strong>&nbsp; <span style=\"color: #ff0000;\"><br \/>\n<\/span><\/h3>\n<div id=\"stcpDiv\">\n<div class=\"forum-post-title\">FIA Safety Video Released for Rally Spectators<\/div>\n<div class=\"forum-post-content\">\n<div class=\"field field-name-body field-type-text-with-summary field-label-hidden\">\n<div class=\"field-items\">\n<div class=\"field-item even\">\n<p>The FIA recently released a safety video encouraging all rally spectators to be aware of their role in safely attending events:<\/p>\n<\/div>\n<h3><strong>Bilder sprechen mehr als tausend Worte&#8230;.<\/strong><\/h3>\n<p>Dieses Video ist nur in Englisch verf\u00fcgbar, wir denken aber das bei aufmerksamer Betrachtung die Sprache keine Rolle spielt und die Problematik auch von allen Verstanden wird.<\/p>\n<div class=\"field-item even\">\n<p><iframe loading=\"lazy\" src=\"\/\/www.youtube.com\/embed\/IshXBw3yPzI\" width=\"560\" height=\"315\"><\/iframe><\/p>\n<h3><a href=\"http:\/\/www.waldviertel-rallye.at\/cms\/wp-content\/uploads\/2013\/03\/motorsport-safety-logo.png\"><img loading=\"lazy\" decoding=\"async\" class=\"size-full wp-image-5804 alignnone\" src=\"http:\/\/www.waldviertel-rallye.at\/cms\/wp-content\/uploads\/2013\/03\/motorsport-safety-logo.png\" alt=\"motorsport-safety-logo\" width=\"223\" height=\"76\" srcset=\"http:\/\/www.waldviertel-rallye.at\/cms\/wp-content\/uploads\/2013\/03\/motorsport-safety-logo.png 223w, http:\/\/www.waldviertel-rallye.at\/cms\/wp-content\/uploads\/2013\/03\/motorsport-safety-logo-36x12.png 36w, http:\/\/www.waldviertel-rallye.at\/cms\/wp-content\/uploads\/2013\/03\/motorsport-safety-logo-90x31.png 90w, http:\/\/www.waldviertel-rallye.at\/cms\/wp-content\/uploads\/2013\/03\/motorsport-safety-logo-150x51.png 150w, http:\/\/www.waldviertel-rallye.at\/cms\/wp-content\/uploads\/2013\/03\/motorsport-safety-logo-32x11.png 32w\" sizes=\"(max-width: 223px) 100vw, 223px\" \/><\/a><\/h3>\n<h3>Mehr Information zur Zusehersicherheit findest du unter <a href=\"http:\/\/www.motorsport-safety.org\/forum\/spectator-safety\" target=\"_blank\" rel=\"noopener noreferrer\">http:\/\/www.motorsport-safety.org\/<\/a><\/h3>\n<\/div>\n<\/div>\n<\/div>\n<\/div>\n<\/div>\n<h3><span style=\"font-size: large;\"><strong><span style=\"color: #ff0000;\"><strong>SICHERHEITSHINWEISE<\/strong><\/span><\/strong><\/span><\/h3>\n<p>Absperrungen entlang der Strecke sind zu deiner Sicherheit! Auch du kannst als Zuseher zur Sicherheit einer Rallye Veranstaltung beitragen. Hier einige Tipps die du unbedingt beachten solltest.<\/p>\n<p><b>Zuseherverhalten und Absperrungen entlang der Strecke:<\/b><\/p>\n<p><a href=\"http:\/\/www.waldviertel-rallye.at\/cms\/wp-content\/uploads\/2013\/03\/sperrzone-klein.jpg\"><img loading=\"lazy\" decoding=\"async\" src=\"http:\/\/www.waldviertel-rallye.at\/cms\/wp-content\/uploads\/2013\/03\/sperrzone-klein.jpg\" alt=\"sperrzone-klein\" width=\"300\" height=\"185\"\/><\/a><\/p>\n<p><strong>Beachte die Sperrfl\u00e4chen Hinweise (gelb\/rotes Schild).<\/strong><\/p>\n<p>Besuche nur die im Programm ausgewiesenen Fanzonen.<\/p>\n<p>Halte die Zu und Abfahrten frei.<\/p>\n<p>Halte die Auslaufzonen frei.<\/p>\n<p>Beachte unbedingt die Anweisungen der Funktion\u00e4re<\/p>\n<p>\u00dcberquere die Strecke nur an ausgewiesenen Zuseherschleusen.<\/p>\n<p><strong>Ausgenommen in den beh\u00f6rdlich abgenomenen und im Rallyeprogramm und auf der Rallymap ausgewiesener Fanzonen gilt entlang der kompletten Strecke ZUSEHERVERBOT.<\/strong><\/p>\n<p>&nbsp;<\/p>\n<p><strong><a href=\"http:\/\/www.waldviertel-rallye.at\/cms\/wp-content\/uploads\/2013\/03\/nolittering1.jpg\"><img loading=\"lazy\" decoding=\"async\" class=\"alignleft\" src=\"http:\/\/www.waldviertel-rallye.at\/cms\/wp-content\/uploads\/2013\/03\/nolittering1-300x300.jpg\" alt=\"nolittering[1]\" width=\"50\" height=\"50\"\/><\/a><\/strong><\/p>\n<p><strong>VERMEIDE UNBEDINGT ABF\u00c4LLE &#8220; STOP LITTERING&#8220;<\/strong><\/p>\n<p>&nbsp;<\/p>\n<p><strong>RALLYE NOTRUF<\/strong> im Falle eines Sicherheitsproblems auf der Strecke oder im Falle eines Unfalls verwende die <strong>RALLY SAFETY NUMMER 0676-532 51 58 <\/strong>Beachte bitte das diese Nummer nur f\u00fcr Notf\u00e4lle verwendet werden darf.<\/p>\n<p><strong>SPERRMITTEL:<\/strong><\/p>\n<p><strong>Fahrverbots Schild mit Zusatz <\/strong>(Zufahrt bis Rallyestrecke gestattet), ab hier bitte nur einseitig parken.<\/p>\n<p><strong>Scherengitter rot\/wei\u00df<\/strong> mit Fahrverbots Schild (beginn der Stra\u00dfensperre)<\/p>\n<p><strong>Absperrband rot\/wei\u00df <\/strong>oder mit Sponsorenlogos (Bereich gesperrt, bitte nicht \u00fcbertreten)<\/p>\n<p><strong>Schild BETRETEN VERBOTEN<\/strong> (rot auf gelben Grund) ABSOLUTE SPERRZONE<\/p>\n<p><strong>Kunststoff Zaun orange<\/strong> (Absperrung der Zuseherbereiche zur Strecke)<\/p>\n<p><strong>Absperrband rot<\/strong> (dieser Bereich unterliegt den Parc Ferme Bestimmungen und darf nicht betreten werden)<\/p>\n<p><strong>Absperrband gelb<\/strong> (Zutritt nur f\u00fcr Presse und TV Teams)<\/p>\n<p>&nbsp;<\/p>\n<p><span style=\"color: #ff0000; background-color: #ffff00;\"><strong>AB STRASSENSPERRE gilt EINSEITIGES PARKEN zur Freihaltung der Zu- und Ausfahrten f\u00fcr Notf\u00e4lle.<\/strong><\/span><\/p>\n<p>&nbsp;<\/p>\n<p><span style=\"color: #ff0000;\"><strong>ZUS\u00c4TZLICHE SICHERHEITSHINWEISE<\/strong><\/span><\/p>\n<p><b>Beachte die Anweisungen der Funktion\u00e4re!<\/b><\/p>\n<p>Werden Anweisungen zum verlassen gef\u00e4hrlicher Stellen nicht befolgt kann die SP nicht gestartet oder muss sogar abgebrochen werden.<\/p>\n<p>Zonen die als <strong>&#8222;SPERRZONE&#8220; <\/strong>gekennzeichnet gekennzeichnet sind m\u00fcssen freigehalten werden. Versuche bitte nicht diese Zonen zu betreten. Halte bitte unbedingt die Auslauf Zonen frei und stelle dich nicht direkt an Absperrmittel neben der Strecke!<\/p>\n<p><b>W\u00e4hle eine sichere Position und halte ausreichenden Abstand zur Rennstrecke. <\/b>Beachte das Rallyefahrzeuge mit hoher Geschwindigkeit fahren. Fahrer k\u00f6nnen Fehler machen und technische Defekte k\u00f6nnen auftreten und das Fahrzeug in Bereiche ablenken die man vielleicht als sicher einstufen w\u00fcrde.<\/p>\n<p><b>Stehe nicht nahe an Spr\u00fcngen, Wellen oder Kuppen. <\/b>Wenn das Fahrzeug unkontrolliert landet kann es ausbrechen und die Strecke verlassen.<\/p>\n<p><b>Setze dich nicht nahe an der Strecke nieder und beachte immer was sich auf der Strecke tut. <\/b>Sei immer bereit dich im Notfall aus der Gefahrenzone bewegen zu k\u00f6nnen.<\/p>\n<p><b>Vermeide Bereiche die unterhalb des Strecken Niveaus liegen, stehe nicht&nbsp; in Kurven au\u00dfen oder z.B. vor Hausmauern oder anderen gef\u00e4hrlichen Stellen die ein Ausweichen erschweren oder Verhindern k\u00f6nnen. <\/b>W\u00e4hle immer erh\u00f6hte Zuseherpositionen und ben\u00fctze die nat\u00fcrlich vorhandenen Schutzm\u00f6glichkeiten wie z.B. B\u00e4ume.<\/p>\n<p><b>Unterst\u00fctze die Streckensicherung, <\/b>Informiere den Veranstalter oder das Streckenpersonal bei erkannter Gefahr. Beachte bitte das im Falle eines Unfalls die Streckensicherung geeignete Mittel zur Verf\u00fcgung hat und betrete w\u00e4hrend der Veranstaltung auf keinen Fall die Strecke.<\/p>\n<p><strong>RALLY WALDVIERTEL SAFETY NUMMER 0676-532 51 58 <\/strong><\/p>\n<p><strong>Beachte bitte das diese Nummer nur f\u00fcr Notf\u00e4lle verwendet werden darf.<\/strong><\/p>\n<p><b>Werden Kinder zur Veranstaltung mitgenommen m\u00fcssen diese unter besonderer Aufsicht gehalten werden.<\/b> <strong>Eltern haften f\u00fcr Ihre Kinder!<\/strong><\/p>\n<p><strong>\u00dcberquere keinesfalls die Strecke (ausgenommen an Zuseherschleusen). Spaziere nicht auf der Strecke herum<\/strong>. Suche deine sichere Position bereits bei den Vorausfahrzeugen. Komme Rechtzeitig zu den Sonderpr\u00fcfungen und beachte die Sperrzeiten im Rallye Programm. <strong>BEACHTE! Die Strecke ist erst nach dem Schlusswagen mit gr\u00fcnem Licht ge\u00f6ffnet.<\/strong><\/p>\n<p><strong>Vermeide die Zufahrt \u00fcber die Strecke der Rallyeteilnehmer, diese Strecken sind sehr eng und es besteht keine \u00dcberholm\u00f6glichkeit.<\/strong> Die Teilnehmer haben es \u00f6fters eilig. Parke dein Fahrzeug auf den beschilderten Fl\u00e4cken und verstelle keine Zu oder Abfahrten.<\/p>\n<p><strong>Verstelle keine Verkehrszeichen oder Hinweisschilder<\/strong><\/p>\n<p><strong>Besch\u00e4dige keine Absperreinrichtungen.<\/strong><\/p>\n<p><strong>Hunde geh\u00f6ren an die Leine und sind gen\u00fcgend entfernt von der Strecke zu halten.<\/strong><\/p>\n<p><strong>Lege nichts auf die Stra\u00dfe, du k\u00f6nntest damit Unf\u00e4lle verursachen.<\/strong><\/p>\n<p><!--:--><\/p>\n","protected":false},"excerpt":{"rendered":"<p>&nbsp; !! LOOK OUT THE SPECTATORS FIA SAFETY VIDEO !! Alle Zuseher und Sicherheitsinformationen zur aktuellen Veranstaltung&nbsp;&nbsp; FIA Safety Video Released for Rally Spectators The FIA recently released a safety video encouraging all rally spectators to be aware of their role in safely attending events: Bilder sprechen mehr als tausend Worte&#8230;. Dieses Video ist nur [&hellip;]<\/p>\n","protected":false},"author":2,"featured_media":5801,"parent":0,"menu_order":0,"comment_status":"closed","ping_status":"closed","template":"","meta":{"ngg_post_thumbnail":0,"footnotes":""},"_links":{"self":[{"href":"http:\/\/www.waldviertel-rallye.at\/cms\/wp-json\/wp\/v2\/pages\/2"}],"collection":[{"href":"http:\/\/www.waldviertel-rallye.at\/cms\/wp-json\/wp\/v2\/pages"}],"about":[{"href":"http:\/\/www.waldviertel-rallye.at\/cms\/wp-json\/wp\/v2\/types\/page"}],"author":[{"embeddable":true,"href":"http:\/\/www.waldviertel-rallye.at\/cms\/wp-json\/wp\/v2\/users\/2"}],"replies":[{"embeddable":true,"href":"http:\/\/www.waldviertel-rallye.at\/cms\/wp-json\/wp\/v2\/comments?post=2"}],"version-history":[{"count":57,"href":"http:\/\/www.waldviertel-rallye.at\/cms\/wp-json\/wp\/v2\/pages\/2\/revisions"}],"predecessor-version":[{"id":8026,"href":"http:\/\/www.waldviertel-rallye.at\/cms\/wp-json\/wp\/v2\/pages\/2\/revisions\/8026"}],"wp:featuredmedia":[{"embeddable":true,"href":"http:\/\/www.waldviertel-rallye.at\/cms\/wp-json\/wp\/v2\/media\/5801"}],"wp:attachment":[{"href":"http:\/\/www.waldviertel-rallye.at\/cms\/wp-json\/wp\/v2\/media?parent=2"}],"curies":[{"name":"wp","href":"https:\/\/api.w.org\/{rel}","templated":true}]}}